{"id":584,"date":"2018-06-28T15:14:17","date_gmt":"2018-06-28T13:14:17","guid":{"rendered":"https:\/\/www.dersimo-kebap.de\/go\/?page_id=584"},"modified":"2022-06-20T12:54:37","modified_gmt":"2022-06-20T10:54:37","slug":"kennzeichnungen","status":"publish","type":"page","link":"https:\/\/www.dersimo-kebap.de\/go\/kennzeichnungen\/","title":{"rendered":"Kennzeichnungen"},"content":{"rendered":"<p>[et_pb_section fb_built=&#8220;1&#8243; _builder_version=&#8220;3.22&#8243; global_colors_info=&#8220;{}&#8220;][et_pb_row _builder_version=&#8220;3.25&#8243; background_size=&#8220;initial&#8220; background_position=&#8220;top_left&#8220; background_repeat=&#8220;repeat&#8220; global_colors_info=&#8220;{}&#8220;][et_pb_column type=&#8220;4_4&#8243; _builder_version=&#8220;3.25&#8243; custom_padding=&#8220;|||&#8220; global_colors_info=&#8220;{}&#8220; custom_padding__hover=&#8220;|||&#8220;][et_pb_image src=&#8220;https:\/\/www.dersimo-kebap.de\/go\/wp-content\/uploads\/2018\/06\/schnitzel_big1.jpg&#8220; align=&#8220;center&#8220; align_tablet=&#8220;center&#8220; align_phone=&#8220;&#8220; align_last_edited=&#8220;on|desktop&#8220; _builder_version=&#8220;4.14.8&#8243; animation_style=&#8220;fade&#8220; hover_enabled=&#8220;0&#8243; global_colors_info=&#8220;{}&#8220; alt=&#8220;Dersimo Kebap &#8211; Hier schnmeckts besser als anderswo&#8220; title_text=&#8220;Dersimo Kebap &#8211; Hier schnmeckts besser als anderswo&#8220; sticky_enabled=&#8220;0&#8243;][\/et_pb_image][et_pb_text _builder_version=&#8220;4.7.7&#8243; global_colors_info=&#8220;{}&#8220;]<\/p>\n<div id=\"content\">\n<p><b>Kennzeichnung der Inhaltsstoffe<\/b><\/p>\n<p>Antioxidationsmittel: Meeresfr\u00fcchte, Salami, Schinken, D\u00f6ner<br \/> Geschmacksverst\u00e4rker: Bolognese, Salami, Reis, Sahnesauce, Peperoni (mild), Tomatensauce, Ketchup, Majon\u00e4se<br \/> Farbstoff: K\u00e4se, Feta, Meeresfr\u00fcchte, Pasta, Schinken<br \/> Konservierungsstoffe: Salami, Schinken, Sprite, Zigeunersauce, D\u00f6ner, Pilze<br \/> Geschw\u00e4rzt: Oliven<br \/> Phosphat: Schinken<br \/> S\u00fc\u00dfmittel: Ananas, Dressing, Mais, Schinken, Zigeunersauce<br \/> Koffeinhaltig: Cola<\/p>\n<p>Wir verwenden ausschlie\u00dflich frisches Fleisch &#8211; Schinken und frisches Gem\u00fcse. Alle Gr\u00f6\u00dfenangaben sind Richtwerte. W\u00e4hrend des Backens kann es zu leichten Abweichungen in der Gr\u00f6\u00dfe kommen.<\/p>\n<div id=\"more\"><\/div>\n<\/div>\n<p>[\/et_pb_text][et_pb_button button_url=&#8220;https:\/\/www.dersimo-kebap.de\/go\/kontakt\/&#8220; button_text=&#8220;Sie haben Fragen?&#8220; _builder_version=&#8220;4.7.7&#8243; custom_button=&#8220;on&#8220; button_text_color=&#8220;#e02b20&#8243; box_shadow_style=&#8220;preset2&#8243; global_colors_info=&#8220;{}&#8220; button_text_size__hover_enabled=&#8220;off&#8220; button_one_text_size__hover_enabled=&#8220;off&#8220; button_two_text_size__hover_enabled=&#8220;off&#8220; button_text_color__hover_enabled=&#8220;off&#8220; button_one_text_color__hover_enabled=&#8220;off&#8220; button_two_text_color__hover_enabled=&#8220;off&#8220; button_border_width__hover_enabled=&#8220;off&#8220; button_one_border_width__hover_enabled=&#8220;off&#8220; button_two_border_width__hover_enabled=&#8220;off&#8220; button_border_color__hover_enabled=&#8220;off&#8220; button_one_border_color__hover_enabled=&#8220;off&#8220; button_two_border_color__hover_enabled=&#8220;off&#8220; button_border_radius__hover_enabled=&#8220;off&#8220; button_one_border_radius__hover_enabled=&#8220;off&#8220; button_two_border_radius__hover_enabled=&#8220;off&#8220; button_letter_spacing__hover_enabled=&#8220;off&#8220; button_one_letter_spacing__hover_enabled=&#8220;off&#8220; button_two_letter_spacing__hover_enabled=&#8220;off&#8220; button_bg_color__hover_enabled=&#8220;off&#8220; button_one_bg_color__hover_enabled=&#8220;off&#8220; button_two_bg_color__hover_enabled=&#8220;off&#8220;][\/et_pb_button][\/et_pb_column][\/et_pb_row][\/et_pb_section]<\/p>\n","protected":false},"excerpt":{"rendered":"<p>Kennzeichnung der Inhaltsstoffe Antioxidationsmittel: Meeresfr\u00fcchte, Salami, Schinken, D\u00f6ner Geschmacksverst\u00e4rker: Bolognese, Salami, Reis, Sahnesauce, Peperoni (mild), Tomatensauce, Ketchup, Majon\u00e4se Farbstoff: K\u00e4se, Feta, Meeresfr\u00fcchte, Pasta, Schinken Konservierungsstoffe: Salami, Schinken, Sprite, Zigeunersauce, D\u00f6ner, Pilze Geschw\u00e4rzt: Oliven Phosphat: Schinken S\u00fc\u00dfmittel: Ananas, Dressing, Mais, Schinken, Zigeunersauce Koffeinhaltig: Cola Wir verwenden ausschlie\u00dflich frisches Fleisch &#8211; Schinken und frisches Gem\u00fcse. Alle Gr\u00f6\u00dfenangaben [&hellip;]<\/p>\n","protected":false},"author":2,"featured_media":0,"parent":0,"menu_order":0,"comment_status":"closed","ping_status":"closed","template":"","meta":{"_et_pb_use_builder":"on","_et_pb_old_content":"","_et_gb_content_width":"","footnotes":""},"class_list":["post-584","page","type-page","status-publish","hentry"],"aioseo_notices":[],"_links":{"self":[{"href":"https:\/\/www.dersimo-kebap.de\/go\/wp-json\/wp\/v2\/pages\/584","targetHints":{"allow":["GET"]}}],"collection":[{"href":"https:\/\/www.dersimo-kebap.de\/go\/wp-json\/wp\/v2\/pages"}],"about":[{"href":"https:\/\/www.dersimo-kebap.de\/go\/wp-json\/wp\/v2\/types\/page"}],"author":[{"embeddable":true,"href":"https:\/\/www.dersimo-kebap.de\/go\/wp-json\/wp\/v2\/users\/2"}],"replies":[{"embeddable":true,"href":"https:\/\/www.dersimo-kebap.de\/go\/wp-json\/wp\/v2\/comments?post=584"}],"version-history":[{"count":0,"href":"https:\/\/www.dersimo-kebap.de\/go\/wp-json\/wp\/v2\/pages\/584\/revisions"}],"wp:attachment":[{"href":"https:\/\/www.dersimo-kebap.de\/go\/wp-json\/wp\/v2\/media?parent=584"}],"curies":[{"name":"wp","href":"https:\/\/api.w.org\/{rel}","templated":true}]}}