{"id":565,"date":"2018-06-28T13:03:43","date_gmt":"2018-06-28T11:03:43","guid":{"rendered":"https:\/\/www.dersimo-kebap.de\/go\/?page_id=565"},"modified":"2021-01-24T18:28:54","modified_gmt":"2021-01-24T17:28:54","slug":"unsere-getraenke","status":"publish","type":"page","link":"https:\/\/www.dersimo-kebap.de\/go\/unsere-getraenke\/","title":{"rendered":"Unsere Getr\u00e4nke"},"content":{"rendered":"<p>[et_pb_section fb_built=&#8220;1&#8243; _builder_version=&#8220;3.22&#8243;][et_pb_row _builder_version=&#8220;3.25&#8243; background_size=&#8220;initial&#8220; background_position=&#8220;top_left&#8220; background_repeat=&#8220;repeat&#8220;][et_pb_column type=&#8220;4_4&#8243; _builder_version=&#8220;3.25&#8243; custom_padding=&#8220;|||&#8220; custom_padding__hover=&#8220;|||&#8220;][et_pb_text _builder_version=&#8220;3.27.4&#8243;]<\/p>\n<h2><b>Sie suchen eine Erfrischung oder das passende Getr\u00e4nk zu Ihrem Lieblingsgericht?<\/b><\/h2>\n<p>[\/et_pb_text][et_pb_image src=&#8220;https:\/\/www.dersimo-kebap.de\/go\/wp-content\/uploads\/2018\/06\/1375xdrinks_2.jpg&#8220; align=&#8220;center&#8220; force_fullwidth=&#8220;on&#8220; align_tablet=&#8220;center&#8220; align_last_edited=&#8220;on|desktop&#8220; _builder_version=&#8220;3.23&#8243; animation_style=&#8220;fade&#8220;][\/et_pb_image][et_pb_text _builder_version=&#8220;3.27.4&#8243;]<\/p>\n<h2><b>Dann w\u00e4hlen Sie in aller Ruhe aus unserer Getr\u00e4nkekarte.<\/b><\/h2>\n<p>[\/et_pb_text][et_pb_text _builder_version=&#8220;3.27.4&#8243;]<\/p>\n<h4><b>100. Coca Cola, Fanta, Sprite<\/b>\u00a0(0,33 ltr.) \u20ac 1,30<\/h4>\n<h4><b>101. Apfelschorle, Multivitamin, Wasser, Eistee<\/b>\u00a0(0,5 ltr.) \u20ac 1,30<\/h4>\n<h4><b>102. Ayran\u00a0<\/b>\u20ac 1,20<\/h4>\n<h4><b>103. Club-Mate<\/b>\u00a0(0,5 ltr.) \u20ac 1,80<\/h4>\n<h4><b>104. Bier\u00a0<\/b>verschiedene Sorten (0,5 ltr.) \u20ac 1,80<\/h4>\n<h4><b>105. River-Cola, Orange, Wasser<\/b>\u00a0(1,5 ltr.) \u20ac 2,00<\/h4>\n<h4><b>106. Coca Cola, Fanta, Sprite<\/b>\u00a0(1,5 ltr.) \u20ac 2,60<\/h4>\n<h4><b>107. Wein\u00a0<\/b>(wei\u00df \/ rot)\u00a0\u00a0\u20ac 5,00<\/h4>\n<p>[\/et_pb_text][et_pb_button button_url=&#8220;tel:03641-636290&#8243; button_text=&#8220;Durstig geworden?&#8220; _builder_version=&#8220;4.7.7&#8243; animation_style=&#8220;zoom&#8220; hover_enabled=&#8220;0&#8243; box_shadow_style=&#8220;preset2&#8243; button_text_size__hover_enabled=&#8220;off&#8220; button_one_text_size__hover_enabled=&#8220;off&#8220; button_two_text_size__hover_enabled=&#8220;off&#8220; button_text_color__hover_enabled=&#8220;off&#8220; button_one_text_color__hover_enabled=&#8220;off&#8220; button_two_text_color__hover_enabled=&#8220;off&#8220; button_border_width__hover_enabled=&#8220;off&#8220; button_one_border_width__hover_enabled=&#8220;off&#8220; button_two_border_width__hover_enabled=&#8220;off&#8220; button_border_color__hover_enabled=&#8220;off&#8220; button_one_border_color__hover_enabled=&#8220;off&#8220; button_two_border_color__hover_enabled=&#8220;off&#8220; button_border_radius__hover_enabled=&#8220;off&#8220; button_one_border_radius__hover_enabled=&#8220;off&#8220; button_two_border_radius__hover_enabled=&#8220;off&#8220; button_letter_spacing__hover_enabled=&#8220;off&#8220; button_one_letter_spacing__hover_enabled=&#8220;off&#8220; button_two_letter_spacing__hover_enabled=&#8220;off&#8220; button_bg_color__hover_enabled=&#8220;off&#8220; button_one_bg_color__hover_enabled=&#8220;off&#8220; button_two_bg_color__hover_enabled=&#8220;off&#8220; custom_button=&#8220;on&#8220; button_text_color=&#8220;#e02b20&#8243; sticky_enabled=&#8220;0&#8243;][\/et_pb_button][\/et_pb_column][\/et_pb_row][\/et_pb_section]<\/p>\n","protected":false},"excerpt":{"rendered":"<p>Sie suchen eine Erfrischung oder das passende Getr\u00e4nk zu Ihrem Lieblingsgericht? Dann w\u00e4hlen Sie in aller Ruhe aus unserer Getr\u00e4nkekarte. 100. Coca Cola, Fanta, Sprite\u00a0(0,33 ltr.) \u20ac 1,30 101. Apfelschorle, Multivitamin, Wasser, Eistee\u00a0(0,5 ltr.) \u20ac 1,30 102. Ayran\u00a0\u20ac 1,20 103. Club-Mate\u00a0(0,5 ltr.) \u20ac 1,80 104. Bier\u00a0verschiedene Sorten (0,5 ltr.) \u20ac 1,80 105. River-Cola, Orange, Wasser\u00a0(1,5 [&hellip;]<\/p>\n","protected":false},"author":2,"featured_media":0,"parent":0,"menu_order":0,"comment_status":"closed","ping_status":"closed","template":"","meta":{"_et_pb_use_builder":"on","_et_pb_old_content":"","_et_gb_content_width":"","footnotes":""},"class_list":["post-565","page","type-page","status-publish","hentry"],"aioseo_notices":[],"_links":{"self":[{"href":"https:\/\/www.dersimo-kebap.de\/go\/wp-json\/wp\/v2\/pages\/565","targetHints":{"allow":["GET"]}}],"collection":[{"href":"https:\/\/www.dersimo-kebap.de\/go\/wp-json\/wp\/v2\/pages"}],"about":[{"href":"https:\/\/www.dersimo-kebap.de\/go\/wp-json\/wp\/v2\/types\/page"}],"author":[{"embeddable":true,"href":"https:\/\/www.dersimo-kebap.de\/go\/wp-json\/wp\/v2\/users\/2"}],"replies":[{"embeddable":true,"href":"https:\/\/www.dersimo-kebap.de\/go\/wp-json\/wp\/v2\/comments?post=565"}],"version-history":[{"count":0,"href":"https:\/\/www.dersimo-kebap.de\/go\/wp-json\/wp\/v2\/pages\/565\/revisions"}],"wp:attachment":[{"href":"https:\/\/www.dersimo-kebap.de\/go\/wp-json\/wp\/v2\/media?parent=565"}],"curies":[{"name":"wp","href":"https:\/\/api.w.org\/{rel}","templated":true}]}}