{"id":529,"date":"2018-06-27T20:31:59","date_gmt":"2018-06-27T18:31:59","guid":{"rendered":"https:\/\/www.dersimo-kebap.de\/go\/?page_id=529"},"modified":"2022-06-20T13:03:39","modified_gmt":"2022-06-20T11:03:39","slug":"unsere-teiggerichte","status":"publish","type":"page","link":"https:\/\/www.dersimo-kebap.de\/go\/unsere-teiggerichte\/","title":{"rendered":"Unsere Teiggerichte"},"content":{"rendered":"<p>[et_pb_section fb_built=&#8220;1&#8243; _builder_version=&#8220;3.22&#8243; global_colors_info=&#8220;{}&#8220;][et_pb_row _builder_version=&#8220;3.25&#8243; background_size=&#8220;initial&#8220; background_position=&#8220;top_left&#8220; background_repeat=&#8220;repeat&#8220; global_colors_info=&#8220;{}&#8220;][et_pb_column type=&#8220;4_4&#8243; _builder_version=&#8220;3.25&#8243; custom_padding=&#8220;|||&#8220; global_colors_info=&#8220;{}&#8220; custom_padding__hover=&#8220;|||&#8220;][et_pb_text _builder_version=&#8220;4.14.8&#8243; hover_enabled=&#8220;0&#8243; global_colors_info=&#8220;{}&#8220; sticky_enabled=&#8220;0&#8243;]<\/p>\n<h3><b>Hier finden Sie unsere Teiggerichte im \u00dcberblick.<br \/><\/b><\/h3>\n<p>[\/et_pb_text][et_pb_image src=&#8220;https:\/\/www.dersimo-kebap.de\/go\/wp-content\/uploads\/2018\/06\/teigwaren150PX_boeeck.jpg&#8220; align=&#8220;center&#8220; force_fullwidth=&#8220;on&#8220; align_tablet=&#8220;center&#8220; align_phone=&#8220;&#8220; align_last_edited=&#8220;on|desktop&#8220; _builder_version=&#8220;4.14.8&#8243; animation_style=&#8220;fade&#8220; hover_enabled=&#8220;0&#8243; global_colors_info=&#8220;{}&#8220; border_radii=&#8220;on|15px|15px|15px|15px&#8220; sticky_enabled=&#8220;0&#8243;][\/et_pb_image][et_pb_text _builder_version=&#8220;3.27.4&#8243; global_colors_info=&#8220;{}&#8220;]<\/p>\n<h4><b>W\u00e4hlen Sie in aller Ruhe aus unser Karte.<\/b><\/h4>\n<p>[\/et_pb_text][et_pb_text _builder_version=&#8220;3.27.4&#8243; global_colors_info=&#8220;{}&#8220;]<\/p>\n<h5><b>78. B\u00f6rek <\/b>mit Spinat\u00a0<strong>\u20ac 3,00<\/strong><\/h5>\n<h5><b>79. B\u00f6rek <\/b>mit K\u00e4se\u00a0<strong>\u20ac 3,00<\/strong><\/h5>\n<h5><b>80. B\u00f6rek <\/b>mit Spinat und K\u00e4se\u00a0<strong>\u20ac 3,00<\/strong><\/h5>\n<h5><b>81. B\u00f6rek <\/b>mit Hackfleisch und K\u00e4se\u00a0<strong>\u20ac 3,00<\/strong><\/h5>\n<h5><b>82. B\u00f6rek <\/b>mit Spinat und Hackfleisch\u00a0<strong>\u20ac 3,00<\/strong><\/h5>\n<h5><b>83. B\u00f6rek<\/b>\u00a0mit Hackfleisch <strong>\u20ac 3,00<\/strong><\/h5>\n<h5><b>84. Patile\u00a0<\/b>gef\u00fcllte Teigtasche mit K\u00e4se, D\u00f6nerfleisch, Zwiebeln und leckeren Gew\u00fcrzen <strong>\u20ac 4,00<\/strong><\/h5>\n<h5><\/h5>\n<p>[\/et_pb_text][et_pb_button button_url=&#8220;tel:03641-636290&#8243; button_text=&#8220;Sie haben Appetit bekommen?&#8220; button_alignment=&#8220;left&#8220; _builder_version=&#8220;4.7.7&#8243; custom_button=&#8220;on&#8220; button_text_color=&#8220;#e02b20&#8243; box_shadow_style=&#8220;preset2&#8243; global_colors_info=&#8220;{}&#8220; button_text_size__hover_enabled=&#8220;off&#8220; button_one_text_size__hover_enabled=&#8220;off&#8220; button_two_text_size__hover_enabled=&#8220;off&#8220; button_text_color__hover_enabled=&#8220;off&#8220; button_one_text_color__hover_enabled=&#8220;off&#8220; button_two_text_color__hover_enabled=&#8220;off&#8220; button_border_width__hover_enabled=&#8220;off&#8220; button_one_border_width__hover_enabled=&#8220;off&#8220; button_two_border_width__hover_enabled=&#8220;off&#8220; button_border_color__hover_enabled=&#8220;off&#8220; button_one_border_color__hover_enabled=&#8220;off&#8220; button_two_border_color__hover_enabled=&#8220;off&#8220; button_border_radius__hover_enabled=&#8220;off&#8220; button_one_border_radius__hover_enabled=&#8220;off&#8220; button_two_border_radius__hover_enabled=&#8220;off&#8220; button_letter_spacing__hover_enabled=&#8220;off&#8220; button_one_letter_spacing__hover_enabled=&#8220;off&#8220; button_two_letter_spacing__hover_enabled=&#8220;off&#8220; button_bg_color__hover_enabled=&#8220;off&#8220; button_one_bg_color__hover_enabled=&#8220;off&#8220; button_two_bg_color__hover_enabled=&#8220;off&#8220;][\/et_pb_button][\/et_pb_column][\/et_pb_row][\/et_pb_section]<\/p>\n","protected":false},"excerpt":{"rendered":"<p>Hier finden Sie unsere Teiggerichte im \u00dcberblick.W\u00e4hlen Sie in aller Ruhe aus unser Karte. 78. B\u00f6rek mit Spinat\u00a0\u20ac 3,00 79. B\u00f6rek mit K\u00e4se\u00a0\u20ac 3,00 80. B\u00f6rek mit Spinat und K\u00e4se\u00a0\u20ac 3,00 81. B\u00f6rek mit Hackfleisch und K\u00e4se\u00a0\u20ac 3,00 82. B\u00f6rek mit Spinat und Hackfleisch\u00a0\u20ac 3,00 83. B\u00f6rek\u00a0mit Hackfleisch \u20ac 3,00 84. Patile\u00a0gef\u00fcllte Teigtasche mit K\u00e4se, [&hellip;]<\/p>\n","protected":false},"author":2,"featured_media":0,"parent":0,"menu_order":0,"comment_status":"closed","ping_status":"closed","template":"","meta":{"_et_pb_use_builder":"on","_et_pb_old_content":"","_et_gb_content_width":"","footnotes":""},"class_list":["post-529","page","type-page","status-publish","hentry"],"aioseo_notices":[],"_links":{"self":[{"href":"https:\/\/www.dersimo-kebap.de\/go\/wp-json\/wp\/v2\/pages\/529","targetHints":{"allow":["GET"]}}],"collection":[{"href":"https:\/\/www.dersimo-kebap.de\/go\/wp-json\/wp\/v2\/pages"}],"about":[{"href":"https:\/\/www.dersimo-kebap.de\/go\/wp-json\/wp\/v2\/types\/page"}],"author":[{"embeddable":true,"href":"https:\/\/www.dersimo-kebap.de\/go\/wp-json\/wp\/v2\/users\/2"}],"replies":[{"embeddable":true,"href":"https:\/\/www.dersimo-kebap.de\/go\/wp-json\/wp\/v2\/comments?post=529"}],"version-history":[{"count":0,"href":"https:\/\/www.dersimo-kebap.de\/go\/wp-json\/wp\/v2\/pages\/529\/revisions"}],"wp:attachment":[{"href":"https:\/\/www.dersimo-kebap.de\/go\/wp-json\/wp\/v2\/media?parent=529"}],"curies":[{"name":"wp","href":"https:\/\/api.w.org\/{rel}","templated":true}]}}