{"id":406,"date":"2018-06-27T15:43:14","date_gmt":"2018-06-27T13:43:14","guid":{"rendered":"https:\/\/www.dersimo-kebap.de\/go\/?page_id=406"},"modified":"2022-06-20T12:59:54","modified_gmt":"2022-06-20T10:59:54","slug":"mehr-pizzen","status":"publish","type":"page","link":"https:\/\/www.dersimo-kebap.de\/go\/mehr-pizzen\/","title":{"rendered":"Mehr Pizzen &#8230;"},"content":{"rendered":"<p>[et_pb_section fb_built=&#8220;1&#8243; _builder_version=&#8220;3.22&#8243; custom_padding=&#8220;6px||2px|||&#8220; global_colors_info=&#8220;{}&#8220;][et_pb_row _builder_version=&#8220;3.25&#8243; background_size=&#8220;initial&#8220; background_position=&#8220;top_left&#8220; background_repeat=&#8220;repeat&#8220; global_colors_info=&#8220;{}&#8220;][et_pb_column type=&#8220;4_4&#8243; _builder_version=&#8220;3.25&#8243; custom_padding=&#8220;|||&#8220; global_colors_info=&#8220;{}&#8220; custom_padding__hover=&#8220;|||&#8220;][et_pb_text _builder_version=&#8220;3.27.4&#8243; global_colors_info=&#8220;{}&#8220;]<\/p>\n<h2><b>Unsere Pizzakarte im \u00dcberblick.<\/b><\/h2>\n<h3><b>W\u00e4hlen Sie in aller Ruhe Ihre Lieblings-Pizza aus.<\/b><\/h3>\n<p>[\/et_pb_text][et_pb_slider _builder_version=&#8220;3.16&#8243; auto=&#8220;on&#8220; global_colors_info=&#8220;{}&#8220; button_text_size__hover_enabled=&#8220;off&#8220; button_one_text_size__hover_enabled=&#8220;off&#8220; button_two_text_size__hover_enabled=&#8220;off&#8220; button_text_color__hover_enabled=&#8220;off&#8220; button_one_text_color__hover_enabled=&#8220;off&#8220; button_two_text_color__hover_enabled=&#8220;off&#8220; button_border_width__hover_enabled=&#8220;off&#8220; button_one_border_width__hover_enabled=&#8220;off&#8220; button_two_border_width__hover_enabled=&#8220;off&#8220; button_border_color__hover_enabled=&#8220;off&#8220; button_one_border_color__hover_enabled=&#8220;off&#8220; button_two_border_color__hover_enabled=&#8220;off&#8220; button_border_radius__hover_enabled=&#8220;off&#8220; button_one_border_radius__hover_enabled=&#8220;off&#8220; button_two_border_radius__hover_enabled=&#8220;off&#8220; button_letter_spacing__hover_enabled=&#8220;off&#8220; button_one_letter_spacing__hover_enabled=&#8220;off&#8220; button_two_letter_spacing__hover_enabled=&#8220;off&#8220; button_bg_color__hover_enabled=&#8220;off&#8220; button_one_bg_color__hover_enabled=&#8220;off&#8220; button_two_bg_color__hover_enabled=&#8220;off&#8220;][et_pb_slide use_bg_overlay=&#8220;off&#8220; use_text_overlay=&#8220;off&#8220; _builder_version=&#8220;3.16&#8243; background_color=&#8220;#c0392b&#8220; background_image=&#8220;https:\/\/www.dersimo-kebap.de\/go\/wp-content\/uploads\/2018\/06\/pizza-2000595.jpg&#8220; parallax=&#8220;on&#8220; button_on_hover=&#8220;on&#8220; global_colors_info=&#8220;{}&#8220; button_text_size__hover_enabled=&#8220;off&#8220; button_one_text_size__hover_enabled=&#8220;off&#8220; button_two_text_size__hover_enabled=&#8220;off&#8220; button_text_color__hover_enabled=&#8220;off&#8220; button_one_text_color__hover_enabled=&#8220;off&#8220; button_two_text_color__hover_enabled=&#8220;off&#8220; button_border_width__hover_enabled=&#8220;off&#8220; button_one_border_width__hover_enabled=&#8220;off&#8220; button_two_border_width__hover_enabled=&#8220;off&#8220; button_border_color__hover_enabled=&#8220;off&#8220; button_one_border_color__hover_enabled=&#8220;off&#8220; button_two_border_color__hover_enabled=&#8220;off&#8220; button_border_radius__hover_enabled=&#8220;off&#8220; button_one_border_radius__hover_enabled=&#8220;off&#8220; button_two_border_radius__hover_enabled=&#8220;off&#8220; button_letter_spacing__hover_enabled=&#8220;off&#8220; button_one_letter_spacing__hover_enabled=&#8220;off&#8220; button_two_letter_spacing__hover_enabled=&#8220;off&#8220; button_bg_color__hover_enabled=&#8220;off&#8220; button_one_bg_color__hover_enabled=&#8220;off&#8220; button_two_bg_color__hover_enabled=&#8220;off&#8220; sticky_transition=&#8220;on&#8220;]<\/p>\n<h3 style=\"text-align: center;\"><strong>Eine leckere Pizza bei uns genie\u00dfen &#8230;<\/strong><\/h3>\n<p>[\/et_pb_slide][et_pb_slide use_bg_overlay=&#8220;off&#8220; use_text_overlay=&#8220;off&#8220; _builder_version=&#8220;3.16&#8243; background_color=&#8220;#c0392b&#8220; background_image=&#8220;https:\/\/www.dersimo-kebap.de\/go\/wp-content\/uploads\/2018\/06\/pizza-3000274.jpg&#8220; parallax=&#8220;on&#8220; button_on_hover=&#8220;on&#8220; global_colors_info=&#8220;{}&#8220; button_text_size__hover_enabled=&#8220;off&#8220; button_one_text_size__hover_enabled=&#8220;off&#8220; button_two_text_size__hover_enabled=&#8220;off&#8220; button_text_color__hover_enabled=&#8220;off&#8220; button_one_text_color__hover_enabled=&#8220;off&#8220; button_two_text_color__hover_enabled=&#8220;off&#8220; button_border_width__hover_enabled=&#8220;off&#8220; button_one_border_width__hover_enabled=&#8220;off&#8220; button_two_border_width__hover_enabled=&#8220;off&#8220; button_border_color__hover_enabled=&#8220;off&#8220; button_one_border_color__hover_enabled=&#8220;off&#8220; button_two_border_color__hover_enabled=&#8220;off&#8220; button_border_radius__hover_enabled=&#8220;off&#8220; button_one_border_radius__hover_enabled=&#8220;off&#8220; button_two_border_radius__hover_enabled=&#8220;off&#8220; button_letter_spacing__hover_enabled=&#8220;off&#8220; button_one_letter_spacing__hover_enabled=&#8220;off&#8220; button_two_letter_spacing__hover_enabled=&#8220;off&#8220; button_bg_color__hover_enabled=&#8220;off&#8220; button_one_bg_color__hover_enabled=&#8220;off&#8220; button_two_bg_color__hover_enabled=&#8220;off&#8220; sticky_transition=&#8220;on&#8220;]<\/p>\n<h3 style=\"text-align: center;\"><strong>oder ganz bequem zu sich nach Hause liefern lassen &#8230;<\/strong><\/h3>\n<p>[\/et_pb_slide][\/et_pb_slider][\/et_pb_column][\/et_pb_row][\/et_pb_section][et_pb_section fb_built=&#8220;1&#8243; _builder_version=&#8220;3.22&#8243; custom_padding=&#8220;2px||4px|||&#8220; global_colors_info=&#8220;{}&#8220;][et_pb_row _builder_version=&#8220;3.25&#8243; background_size=&#8220;initial&#8220; background_position=&#8220;top_left&#8220; background_repeat=&#8220;repeat&#8220; global_colors_info=&#8220;{}&#8220;][et_pb_column type=&#8220;4_4&#8243; _builder_version=&#8220;3.25&#8243; custom_padding=&#8220;|||&#8220; global_colors_info=&#8220;{}&#8220; custom_padding__hover=&#8220;|||&#8220;][et_pb_text _builder_version=&#8220;3.27.4&#8243; animation_style=&#8220;slide&#8220; animation_direction=&#8220;left&#8220; animation_duration=&#8220;1600ms&#8220; global_colors_info=&#8220;{}&#8220;]<\/p>\n<h4><b>45. Bella<\/b>\u00a0mit Tomatensauce, K\u00e4se, Schinken, Salami und Pilzen <strong>\u20ac 6,00<\/strong><\/h4>\n<h4><b>46. Istanbul<\/b>\u00a0mit Tomatensauce, K\u00e4se, t\u00fcrkischer Salami und Peperoni <strong>\u20ac 6,00<\/strong><\/h4>\n<h4><b>47. Sophia Loreen<\/b>\u00a0mit Tomatensauce, K\u00e4se, Schinken, Pilzen und Ei <strong>\u20ac 6,00<\/strong><\/h4>\n<h4><b>48. Dersimo<\/b>\u00a0mit Tomatensauce, K\u00e4se, Salami, Paprika, und Pilzen <strong>\u20ac 6,00<\/strong><\/h4>\n<h4><b>49. Vier Jahreszeiten<\/b>\u00a0mit Tomatensauce, K\u00e4se, Schinken, Thunfisch, Paprika und Pilzen <strong>\u20ac 6,50<\/strong><\/h4>\n<h4><b>50. Tonno<\/b>\u00a0mit Tomatensauce, K\u00e4se, Thunfisch und Zwiebeln <strong>\u20ac 6,50<\/strong><\/h4>\n<h4><b>51. Calzone<\/b>\u00a0mit Tomatensauce, K\u00e4se, Schinken, Thunfisch, Paprika und Zwiebeln <strong>\u20ac 6,50<\/strong><\/h4>\n<h4><b>52. Chef<\/b>\u00a0mit Tomatensauce, K\u00e4se, t\u00fcrkischer Salami, Pilzen, Paprika und Oliven <strong>\u20ac 6,50<\/strong><\/h4>\n<h4><b>53. F.C.C.\u00a0<\/b>mit Tomatensauce, K\u00e4se, t\u00fcrkischer Salami, Salami und Schinken <strong>\u20ac 6,50<\/strong><\/h4>\n<h4><b>54. Gorgonzola\u00a0<\/b>mit Tomatensauce, K\u00e4se, Zwiebeln und Gorgonzola <strong>\u20ac 6,50<\/strong><\/h4>\n<p>[\/et_pb_text][et_pb_text _builder_version=&#8220;3.27.4&#8243; animation_style=&#8220;slide&#8220; animation_direction=&#8220;left&#8220; animation_duration=&#8220;1600ms&#8220; global_colors_info=&#8220;{}&#8220;]<\/p>\n<h4><b>55. Mafia<\/b>\u00a0mit Tomatensauce, K\u00e4se, Schinken, Zwiebeln, Chilipulver und Knoblauch\u00f6l <strong>\u20ac 6,50<\/strong><\/h4>\n<h4><b>56. Capriciosa<\/b>\u00a0mit Tomatensauce, K\u00e4se, Schinken, Paprika, Pilzen, Artischocken, Brokkoli und Ei <strong>\u20ac 7,00<\/strong><\/h4>\n<h4><b>57. Toscana<\/b>\u00a0mit Tomatensauce, K\u00e4se, t\u00fcrkischer Salami, Schinken, Salami, Pilzen und Zwiebeln <strong>\u20ac 7,00<\/strong><\/h4>\n<h4><b>58. Vegetaria<\/b>\u00a0mit Tomatensauce, K\u00e4se, Spinat, Brokkoli, Paprika, Pilzen, Peperoni und Zwiebeln <strong>\u20ac 7,00<\/strong><\/h4>\n<h4><b>59. Zaza<\/b>\u00a0mit Tomatensauce, K\u00e4se, Salami, Schinken, Pilzen, Peperoni, Zwiebeln und Knoblauch <strong>\u20ac 7,00<\/strong><\/h4>\n<h4><b>60. 4-Formaggi<\/b>\u00a0mit Tomatensauce und vier verschiedenen K\u00e4sesorten <strong>\u20ac 7,00<\/strong><\/h4>\n<h4><b>61. Jena-Pizza<\/b>\u00a0mit Tomatensauce, K\u00e4se, Brokkoli, Mais, Mozarella und Peperoni <strong>\u20ac 7,00<\/strong><\/h4>\n<h4><b>62. H\u00e4hnchenbrust<\/b>\u00a0mit Tomatensauce, K\u00e4se, Zwiebeln und H\u00fchnchenbrust <strong>\u20ac 7,00<\/strong><\/h4>\n<h4><b>63. Gro\u00dfe Familienpizza<\/b>\u00a0mit Tomatensauce, K\u00e4se, Salami und Schinken (ca. 50cm Durchmesser) f\u00fcr vier Personen <strong>\u20ac 16,00<\/strong><\/h4>\n<h4><strong>63A<\/strong> <strong>Extra Belag<\/strong> f\u00fcr Ihre gro\u00dfe Familienpizza <strong>\u20ac 2,00<\/strong><\/h4>\n<p>[\/et_pb_text][et_pb_button button_url=&#8220;tel:03641-636290&#8243; button_text=&#8220;Haben Sie Appetit bekommen?&#8220; button_alignment=&#8220;left&#8220; _builder_version=&#8220;4.14.8&#8243; custom_button=&#8220;on&#8220; button_text_color=&#8220;#e02b20&#8243; hover_enabled=&#8220;0&#8243; box_shadow_style=&#8220;preset2&#8243; global_colors_info=&#8220;{}&#8220; button_text_size__hover_enabled=&#8220;off&#8220; button_one_text_size__hover_enabled=&#8220;off&#8220; button_two_text_size__hover_enabled=&#8220;off&#8220; button_text_color__hover_enabled=&#8220;off&#8220; button_one_text_color__hover_enabled=&#8220;off&#8220; button_two_text_color__hover_enabled=&#8220;off&#8220; button_border_width__hover_enabled=&#8220;off&#8220; button_one_border_width__hover_enabled=&#8220;off&#8220; button_two_border_width__hover_enabled=&#8220;off&#8220; button_border_color__hover_enabled=&#8220;off&#8220; button_one_border_color__hover_enabled=&#8220;off&#8220; button_two_border_color__hover_enabled=&#8220;off&#8220; button_border_radius__hover_enabled=&#8220;off&#8220; button_one_border_radius__hover_enabled=&#8220;off&#8220; button_two_border_radius__hover_enabled=&#8220;off&#8220; button_letter_spacing__hover_enabled=&#8220;off&#8220; button_one_letter_spacing__hover_enabled=&#8220;off&#8220; button_two_letter_spacing__hover_enabled=&#8220;off&#8220; button_bg_color__hover_enabled=&#8220;off&#8220; button_one_bg_color__hover_enabled=&#8220;off&#8220; button_two_bg_color__hover_enabled=&#8220;off&#8220; sticky_enabled=&#8220;0&#8243;][\/et_pb_button][\/et_pb_column][\/et_pb_row][\/et_pb_section]<\/p>\n","protected":false},"excerpt":{"rendered":"<p>Unsere Pizzakarte im \u00dcberblick. W\u00e4hlen Sie in aller Ruhe Ihre Lieblings-Pizza aus. Eine leckere Pizza bei uns genie\u00dfen &#8230; oder ganz bequem zu sich nach Hause liefern lassen &#8230; 45. Bella\u00a0mit Tomatensauce, K\u00e4se, Schinken, Salami und Pilzen \u20ac 6,00 46. Istanbul\u00a0mit Tomatensauce, K\u00e4se, t\u00fcrkischer Salami und Peperoni \u20ac 6,00 47. Sophia Loreen\u00a0mit Tomatensauce, K\u00e4se, Schinken, [&hellip;]<\/p>\n","protected":false},"author":2,"featured_media":0,"parent":0,"menu_order":0,"comment_status":"closed","ping_status":"closed","template":"","meta":{"_et_pb_use_builder":"on","_et_pb_old_content":"","_et_gb_content_width":"","footnotes":""},"class_list":["post-406","page","type-page","status-publish","hentry"],"aioseo_notices":[],"_links":{"self":[{"href":"https:\/\/www.dersimo-kebap.de\/go\/wp-json\/wp\/v2\/pages\/406","targetHints":{"allow":["GET"]}}],"collection":[{"href":"https:\/\/www.dersimo-kebap.de\/go\/wp-json\/wp\/v2\/pages"}],"about":[{"href":"https:\/\/www.dersimo-kebap.de\/go\/wp-json\/wp\/v2\/types\/page"}],"author":[{"embeddable":true,"href":"https:\/\/www.dersimo-kebap.de\/go\/wp-json\/wp\/v2\/users\/2"}],"replies":[{"embeddable":true,"href":"https:\/\/www.dersimo-kebap.de\/go\/wp-json\/wp\/v2\/comments?post=406"}],"version-history":[{"count":0,"href":"https:\/\/www.dersimo-kebap.de\/go\/wp-json\/wp\/v2\/pages\/406\/revisions"}],"wp:attachment":[{"href":"https:\/\/www.dersimo-kebap.de\/go\/wp-json\/wp\/v2\/media?parent=406"}],"curies":[{"name":"wp","href":"https:\/\/api.w.org\/{rel}","templated":true}]}}