{"id":382,"date":"2018-06-27T13:56:49","date_gmt":"2018-06-27T11:56:49","guid":{"rendered":"https:\/\/www.dersimo-kebap.de\/go\/?page_id=382"},"modified":"2021-01-24T18:35:15","modified_gmt":"2021-01-24T17:35:15","slug":"unsere-pizzen","status":"publish","type":"page","link":"https:\/\/www.dersimo-kebap.de\/go\/unsere-pizzen\/","title":{"rendered":"Unsere Pizzen"},"content":{"rendered":"<p>[et_pb_section fb_built=&#8220;1&#8243; _builder_version=&#8220;3.22&#8243;][et_pb_row _builder_version=&#8220;3.25&#8243; background_size=&#8220;initial&#8220; background_position=&#8220;top_left&#8220; background_repeat=&#8220;repeat&#8220;][et_pb_column type=&#8220;4_4&#8243; _builder_version=&#8220;3.25&#8243; custom_padding=&#8220;|||&#8220; custom_padding__hover=&#8220;|||&#8220;][et_pb_text _builder_version=&#8220;3.27.4&#8243;]<\/p>\n<h2><b>Unsere Pizzakarte im \u00dcberblick.<\/b><\/h2>\n<h3><b>W\u00e4hlen Sie in aller Ruhe Ihre Lieblings-Pizza aus.<\/b><\/h3>\n<p>[\/et_pb_text][et_pb_slider _builder_version=&#8220;3.16&#8243; auto=&#8220;on&#8220; button_text_size__hover_enabled=&#8220;off&#8220; button_one_text_size__hover_enabled=&#8220;off&#8220; button_two_text_size__hover_enabled=&#8220;off&#8220; button_text_color__hover_enabled=&#8220;off&#8220; button_one_text_color__hover_enabled=&#8220;off&#8220; button_two_text_color__hover_enabled=&#8220;off&#8220; button_border_width__hover_enabled=&#8220;off&#8220; button_one_border_width__hover_enabled=&#8220;off&#8220; button_two_border_width__hover_enabled=&#8220;off&#8220; button_border_color__hover_enabled=&#8220;off&#8220; button_one_border_color__hover_enabled=&#8220;off&#8220; button_two_border_color__hover_enabled=&#8220;off&#8220; button_border_radius__hover_enabled=&#8220;off&#8220; button_one_border_radius__hover_enabled=&#8220;off&#8220; button_two_border_radius__hover_enabled=&#8220;off&#8220; button_letter_spacing__hover_enabled=&#8220;off&#8220; button_one_letter_spacing__hover_enabled=&#8220;off&#8220; button_two_letter_spacing__hover_enabled=&#8220;off&#8220; button_bg_color__hover_enabled=&#8220;off&#8220; button_one_bg_color__hover_enabled=&#8220;off&#8220; button_two_bg_color__hover_enabled=&#8220;off&#8220;][et_pb_slide use_bg_overlay=&#8220;off&#8220; use_text_overlay=&#8220;off&#8220; _builder_version=&#8220;3.16&#8243; background_color=&#8220;#c0392b&#8220; background_image=&#8220;https:\/\/www.dersimo-kebap.de\/go\/wp-content\/uploads\/2018\/06\/pizza-1317699.jpg&#8220; parallax=&#8220;on&#8220; button_on_hover=&#8220;on&#8220; sticky_transition=&#8220;on&#8220; button_text_size__hover_enabled=&#8220;off&#8220; button_one_text_size__hover_enabled=&#8220;off&#8220; button_two_text_size__hover_enabled=&#8220;off&#8220; button_text_color__hover_enabled=&#8220;off&#8220; button_one_text_color__hover_enabled=&#8220;off&#8220; button_two_text_color__hover_enabled=&#8220;off&#8220; button_border_width__hover_enabled=&#8220;off&#8220; button_one_border_width__hover_enabled=&#8220;off&#8220; button_two_border_width__hover_enabled=&#8220;off&#8220; button_border_color__hover_enabled=&#8220;off&#8220; button_one_border_color__hover_enabled=&#8220;off&#8220; button_two_border_color__hover_enabled=&#8220;off&#8220; button_border_radius__hover_enabled=&#8220;off&#8220; button_one_border_radius__hover_enabled=&#8220;off&#8220; button_two_border_radius__hover_enabled=&#8220;off&#8220; button_letter_spacing__hover_enabled=&#8220;off&#8220; button_one_letter_spacing__hover_enabled=&#8220;off&#8220; button_two_letter_spacing__hover_enabled=&#8220;off&#8220; button_bg_color__hover_enabled=&#8220;off&#8220; button_one_bg_color__hover_enabled=&#8220;off&#8220; button_two_bg_color__hover_enabled=&#8220;off&#8220;]<\/p>\n<h3 style=\"text-align: center;\"><strong>Eine leckere Pizza bei uns genie\u00dfen &#8230;<\/strong><\/h3>\n<p>[\/et_pb_slide][et_pb_slide use_bg_overlay=&#8220;off&#8220; use_text_overlay=&#8220;off&#8220; _builder_version=&#8220;3.16&#8243; background_color=&#8220;#c0392b&#8220; background_image=&#8220;https:\/\/www.dersimo-kebap.de\/go\/wp-content\/uploads\/2018\/06\/pizza-1238734.jpg&#8220; button_on_hover=&#8220;on&#8220; sticky_transition=&#8220;on&#8220; button_text_size__hover_enabled=&#8220;off&#8220; button_one_text_size__hover_enabled=&#8220;off&#8220; button_two_text_size__hover_enabled=&#8220;off&#8220; button_text_color__hover_enabled=&#8220;off&#8220; button_one_text_color__hover_enabled=&#8220;off&#8220; button_two_text_color__hover_enabled=&#8220;off&#8220; button_border_width__hover_enabled=&#8220;off&#8220; button_one_border_width__hover_enabled=&#8220;off&#8220; button_two_border_width__hover_enabled=&#8220;off&#8220; button_border_color__hover_enabled=&#8220;off&#8220; button_one_border_color__hover_enabled=&#8220;off&#8220; button_two_border_color__hover_enabled=&#8220;off&#8220; button_border_radius__hover_enabled=&#8220;off&#8220; button_one_border_radius__hover_enabled=&#8220;off&#8220; button_two_border_radius__hover_enabled=&#8220;off&#8220; button_letter_spacing__hover_enabled=&#8220;off&#8220; button_one_letter_spacing__hover_enabled=&#8220;off&#8220; button_two_letter_spacing__hover_enabled=&#8220;off&#8220; button_bg_color__hover_enabled=&#8220;off&#8220; button_one_bg_color__hover_enabled=&#8220;off&#8220; button_two_bg_color__hover_enabled=&#8220;off&#8220;]<\/p>\n<h3 style=\"text-align: center;\"><strong>oder ganz bequem zu sich nach Hause liefern lassen &#8230;<\/strong><\/h3>\n<p>[\/et_pb_slide][\/et_pb_slider][\/et_pb_column][\/et_pb_row][\/et_pb_section][et_pb_section fb_built=&#8220;1&#8243; _builder_version=&#8220;3.22&#8243;][et_pb_row _builder_version=&#8220;3.25&#8243; background_size=&#8220;initial&#8220; background_position=&#8220;top_left&#8220; background_repeat=&#8220;repeat&#8220;][et_pb_column type=&#8220;4_4&#8243; _builder_version=&#8220;3.25&#8243; custom_padding=&#8220;|||&#8220; custom_padding__hover=&#8220;|||&#8220;][et_pb_text _builder_version=&#8220;3.27.4&#8243; animation_style=&#8220;slide&#8220; animation_direction=&#8220;left&#8220; animation_duration=&#8220;1300ms&#8220;]<\/p>\n<h4><b>25. Pizzabrot<\/b> mit Tomatensauce und Knoblauch\u00f6l\u00a0<strong>\u20ac 4,00<\/strong><\/h4>\n<h4><b>26. Margherita<\/b> mit Tomatensauce und K\u00e4se\u00a0<strong>\u20ac 4,50<\/strong><\/h4>\n<h4><b>27. Salami<\/b> mit Tomatensauce und K\u00e4se\u00a0<strong>\u20ac 5,00<\/strong><\/h4>\n<h4><b>28. Schinken<\/b>\u00a0mit Tomatensauce und K\u00e4se\u00a0<strong>\u20ac 5,00<\/strong><\/h4>\n<h4><b>29. Funghi (mit Pilzen)<\/b> mit Tomatensauce und K\u00e4se\u00a0<strong>\u20ac 5,00<\/strong><\/h4>\n<h4><b>30. Peperoni\u00a0<\/b>mit Tomatensauce und K\u00e4se <strong>\u20ac 5,00<\/strong><\/h4>\n<h4><strong>31.\u00a0<\/strong><b>Salami, Pilze<\/b>\u00a0mit Tomatensauce und K\u00e4se <strong>\u20ac 5,50<\/strong><\/h4>\n<h4><b>32. Schinken, Pilze<\/b>\u00a0mit Tomatensauce und K\u00e4se\u00a0<strong>\u20ac 5,50<\/strong><\/h4>\n<h4><b>33. Pizza, <\/b>mit Salami,<b>\u00a0<\/b>Schinken, Tomatensauce und K\u00e4se <strong>\u20ac 5,50<\/strong><\/h4>\n<h4><b>34. Hawaii<\/b>\u00a0mit Tomatensauce, K\u00e4se, Schinken und Ananas\u00a0<strong>\u20ac 5,50<\/strong><\/h4>\n<p>[\/et_pb_text][et_pb_text _builder_version=&#8220;3.27.4&#8243; animation_style=&#8220;slide&#8220; animation_direction=&#8220;left&#8220; animation_duration=&#8220;1350ms&#8220;]<\/p>\n<h4><b>35. Bolognese<\/b>\u00a0mit K\u00e4se und Hackfleischsauce <strong>\u20ac 5,50<\/strong><\/h4>\n<h4><b>36. Gribaldi<\/b>\u00a0mit Tomatensauce, K\u00e4se, Schinken, Salami und Paprika <strong>\u20ac 6,00<\/strong><\/h4>\n<h4><b>37. Popeye<\/b>\u00a0mit Taomatenso\u00dfe, K\u00e4se, Spinat und Ei <strong>\u20ac 6,00<\/strong><\/h4>\n<h4><b>38. Brokkoli<\/b>\u00a0mit Tomatensauce und K\u00e4se <strong>\u20ac 6,00<\/strong><\/h4>\n<h4><b>39. Frutti di Mare<\/b>\u00a0mit Tomatensauce, K\u00e4se und Meeresfr\u00fcchten <strong>\u20ac 6,00<\/strong><\/h4>\n<h4><b>40. O\u00b4 Solemio<\/b>\u00a0mit Tomatensauce, K\u00e4se, Schinken, Salami und Ei <strong>\u20ac 6,00<\/strong><\/h4>\n<h4><b>41. Mozarella\u00a0<\/b>mit Tomatensauce, K\u00e4se und frischen Tomaten <strong>\u20ac 6,00<\/strong><\/h4>\n<h4><b>42. K\u00e4se<\/b>\u00a0mit Tomatensauce, K\u00e4se, Schinken und Paprika <strong>\u20ac 6,00<\/strong><\/h4>\n<h4><b>43. Roma<\/b>\u00a0mit Tomatensauce, K\u00e4se, Salami, Schinken und Zwiebeln <strong>\u20ac 6,00<\/strong><\/h4>\n<h4><b>44. D\u00f6ner<\/b>\u00a0mit Tomatensauce, K\u00e4se, Fleisch, Zwiebeln &amp; Knoblauch\u00f6l <strong>\u20ac 6,00<\/strong><\/h4>\n<p>[\/et_pb_text][\/et_pb_column][\/et_pb_row][\/et_pb_section][et_pb_section fb_built=&#8220;1&#8243; _builder_version=&#8220;3.22&#8243;][et_pb_row _builder_version=&#8220;3.25&#8243; background_size=&#8220;initial&#8220; background_position=&#8220;top_left&#8220; background_repeat=&#8220;repeat&#8220;][et_pb_column type=&#8220;4_4&#8243; _builder_version=&#8220;3.25&#8243; custom_padding=&#8220;|||&#8220; custom_padding__hover=&#8220;|||&#8220;][et_pb_text _builder_version=&#8220;3.27.4&#8243; animation_style=&#8220;bounce&#8220;]<\/p>\n<h2 style=\"text-align: center;\"><a href=\"https:\/\/www.dersimo-kebap.de\/go\/mehr-pizzen\/\"><strong>M\u00f6chten Sie noch weiter durch unser Pizza-Angebot st\u00f6bern?<\/strong><\/a><\/h2>\n<p>[\/et_pb_text][et_pb_button button_url=&#8220;tel:03641-636290&#8243; button_text=&#8220;Haben Sie Appetit bekommen?&#8220; button_alignment=&#8220;center&#8220; _builder_version=&#8220;4.7.7&#8243; hover_enabled=&#8220;0&#8243; box_shadow_style=&#8220;preset2&#8243; button_text_size__hover_enabled=&#8220;off&#8220; button_one_text_size__hover_enabled=&#8220;off&#8220; button_two_text_size__hover_enabled=&#8220;off&#8220; button_text_color__hover_enabled=&#8220;off&#8220; button_one_text_color__hover_enabled=&#8220;off&#8220; button_two_text_color__hover_enabled=&#8220;off&#8220; button_border_width__hover_enabled=&#8220;off&#8220; button_one_border_width__hover_enabled=&#8220;off&#8220; button_two_border_width__hover_enabled=&#8220;off&#8220; button_border_color__hover_enabled=&#8220;off&#8220; button_one_border_color__hover_enabled=&#8220;off&#8220; button_two_border_color__hover_enabled=&#8220;off&#8220; button_border_radius__hover_enabled=&#8220;off&#8220; button_one_border_radius__hover_enabled=&#8220;off&#8220; button_two_border_radius__hover_enabled=&#8220;off&#8220; button_letter_spacing__hover_enabled=&#8220;off&#8220; button_one_letter_spacing__hover_enabled=&#8220;off&#8220; button_two_letter_spacing__hover_enabled=&#8220;off&#8220; button_bg_color__hover_enabled=&#8220;off&#8220; button_one_bg_color__hover_enabled=&#8220;off&#8220; button_two_bg_color__hover_enabled=&#8220;off&#8220; custom_button=&#8220;on&#8220; button_text_color=&#8220;#e02b20&#8243; sticky_enabled=&#8220;0&#8243;][\/et_pb_button][\/et_pb_column][\/et_pb_row][\/et_pb_section]<\/p>\n","protected":false},"excerpt":{"rendered":"<p>Unsere Pizzakarte im \u00dcberblick. W\u00e4hlen Sie in aller Ruhe Ihre Lieblings-Pizza aus. Eine leckere Pizza bei uns genie\u00dfen &#8230; oder ganz bequem zu sich nach Hause liefern lassen &#8230; 25. Pizzabrot mit Tomatensauce und Knoblauch\u00f6l\u00a0\u20ac 4,00 26. Margherita mit Tomatensauce und K\u00e4se\u00a0\u20ac 4,50 27. Salami mit Tomatensauce und K\u00e4se\u00a0\u20ac 5,00 28. Schinken\u00a0mit Tomatensauce und K\u00e4se\u00a0\u20ac [&hellip;]<\/p>\n","protected":false},"author":2,"featured_media":0,"parent":0,"menu_order":0,"comment_status":"closed","ping_status":"closed","template":"","meta":{"_et_pb_use_builder":"on","_et_pb_old_content":"","_et_gb_content_width":"","footnotes":""},"class_list":["post-382","page","type-page","status-publish","hentry"],"aioseo_notices":[],"_links":{"self":[{"href":"https:\/\/www.dersimo-kebap.de\/go\/wp-json\/wp\/v2\/pages\/382","targetHints":{"allow":["GET"]}}],"collection":[{"href":"https:\/\/www.dersimo-kebap.de\/go\/wp-json\/wp\/v2\/pages"}],"about":[{"href":"https:\/\/www.dersimo-kebap.de\/go\/wp-json\/wp\/v2\/types\/page"}],"author":[{"embeddable":true,"href":"https:\/\/www.dersimo-kebap.de\/go\/wp-json\/wp\/v2\/users\/2"}],"replies":[{"embeddable":true,"href":"https:\/\/www.dersimo-kebap.de\/go\/wp-json\/wp\/v2\/comments?post=382"}],"version-history":[{"count":0,"href":"https:\/\/www.dersimo-kebap.de\/go\/wp-json\/wp\/v2\/pages\/382\/revisions"}],"wp:attachment":[{"href":"https:\/\/www.dersimo-kebap.de\/go\/wp-json\/wp\/v2\/media?parent=382"}],"curies":[{"name":"wp","href":"https:\/\/api.w.org\/{rel}","templated":true}]}}