{"id":292,"date":"2018-06-25T15:38:06","date_gmt":"2018-06-25T13:38:06","guid":{"rendered":"https:\/\/www.dersimo-kebap.de\/go\/?page_id=292"},"modified":"2022-06-20T12:56:28","modified_gmt":"2022-06-20T10:56:28","slug":"doener","status":"publish","type":"page","link":"https:\/\/www.dersimo-kebap.de\/go\/doener\/","title":{"rendered":"D\u00f6ner"},"content":{"rendered":"<p>[et_pb_section fb_built=&#8220;1&#8243; _builder_version=&#8220;3.22&#8243; global_colors_info=&#8220;{}&#8220;][et_pb_row _builder_version=&#8220;3.25&#8243; background_size=&#8220;initial&#8220; background_position=&#8220;top_left&#8220; background_repeat=&#8220;repeat&#8220; global_colors_info=&#8220;{}&#8220;][et_pb_column type=&#8220;4_4&#8243; _builder_version=&#8220;3.25&#8243; custom_padding=&#8220;|||&#8220; global_colors_info=&#8220;{}&#8220; custom_padding__hover=&#8220;|||&#8220;][et_pb_text _builder_version=&#8220;3.27.4&#8243; global_colors_info=&#8220;{}&#8220;]<\/p>\n<h3><b>Ob D\u00f6ner im Fladenbrot oder einen leckeren D\u00f6nerteller &#8230;<\/b><\/h3>\n<p>[\/et_pb_text][et_pb_slider _builder_version=&#8220;3.16&#8243; auto=&#8220;on&#8220; global_colors_info=&#8220;{}&#8220; button_text_size__hover_enabled=&#8220;off&#8220; button_one_text_size__hover_enabled=&#8220;off&#8220; button_two_text_size__hover_enabled=&#8220;off&#8220; button_text_color__hover_enabled=&#8220;off&#8220; button_one_text_color__hover_enabled=&#8220;off&#8220; button_two_text_color__hover_enabled=&#8220;off&#8220; button_border_width__hover_enabled=&#8220;off&#8220; button_one_border_width__hover_enabled=&#8220;off&#8220; button_two_border_width__hover_enabled=&#8220;off&#8220; button_border_color__hover_enabled=&#8220;off&#8220; button_one_border_color__hover_enabled=&#8220;off&#8220; button_two_border_color__hover_enabled=&#8220;off&#8220; button_border_radius__hover_enabled=&#8220;off&#8220; button_one_border_radius__hover_enabled=&#8220;off&#8220; button_two_border_radius__hover_enabled=&#8220;off&#8220; button_letter_spacing__hover_enabled=&#8220;off&#8220; button_one_letter_spacing__hover_enabled=&#8220;off&#8220; button_two_letter_spacing__hover_enabled=&#8220;off&#8220; button_bg_color__hover_enabled=&#8220;off&#8220; button_one_bg_color__hover_enabled=&#8220;off&#8220; button_two_bg_color__hover_enabled=&#8220;off&#8220;][et_pb_slide use_bg_overlay=&#8220;off&#8220; use_text_overlay=&#8220;off&#8220; _builder_version=&#8220;3.16&#8243; background_color=&#8220;#c0392b&#8220; background_image=&#8220;https:\/\/www.dersimo-kebap.de\/go\/wp-content\/uploads\/2018\/06\/doener_.jpg&#8220; button_on_hover=&#8220;on&#8220; global_colors_info=&#8220;{}&#8220; button_text_size__hover_enabled=&#8220;off&#8220; button_one_text_size__hover_enabled=&#8220;off&#8220; button_two_text_size__hover_enabled=&#8220;off&#8220; button_text_color__hover_enabled=&#8220;off&#8220; button_one_text_color__hover_enabled=&#8220;off&#8220; button_two_text_color__hover_enabled=&#8220;off&#8220; button_border_width__hover_enabled=&#8220;off&#8220; button_one_border_width__hover_enabled=&#8220;off&#8220; button_two_border_width__hover_enabled=&#8220;off&#8220; button_border_color__hover_enabled=&#8220;off&#8220; button_one_border_color__hover_enabled=&#8220;off&#8220; button_two_border_color__hover_enabled=&#8220;off&#8220; button_border_radius__hover_enabled=&#8220;off&#8220; button_one_border_radius__hover_enabled=&#8220;off&#8220; button_two_border_radius__hover_enabled=&#8220;off&#8220; button_letter_spacing__hover_enabled=&#8220;off&#8220; button_one_letter_spacing__hover_enabled=&#8220;off&#8220; button_two_letter_spacing__hover_enabled=&#8220;off&#8220; button_bg_color__hover_enabled=&#8220;off&#8220; button_one_bg_color__hover_enabled=&#8220;off&#8220; button_two_bg_color__hover_enabled=&#8220;off&#8220; sticky_transition=&#8220;on&#8220;][\/et_pb_slide][et_pb_slide use_bg_overlay=&#8220;off&#8220; use_text_overlay=&#8220;off&#8220; _builder_version=&#8220;3.16&#8243; background_color=&#8220;#c0392b&#8220; background_image=&#8220;https:\/\/www.dersimo-kebap.de\/go\/wp-content\/uploads\/2018\/06\/doner-kebab-2863915.jpg&#8220; button_on_hover=&#8220;on&#8220; global_colors_info=&#8220;{}&#8220; button_text_size__hover_enabled=&#8220;off&#8220; button_one_text_size__hover_enabled=&#8220;off&#8220; button_two_text_size__hover_enabled=&#8220;off&#8220; button_text_color__hover_enabled=&#8220;off&#8220; button_one_text_color__hover_enabled=&#8220;off&#8220; button_two_text_color__hover_enabled=&#8220;off&#8220; button_border_width__hover_enabled=&#8220;off&#8220; button_one_border_width__hover_enabled=&#8220;off&#8220; button_two_border_width__hover_enabled=&#8220;off&#8220; button_border_color__hover_enabled=&#8220;off&#8220; button_one_border_color__hover_enabled=&#8220;off&#8220; button_two_border_color__hover_enabled=&#8220;off&#8220; button_border_radius__hover_enabled=&#8220;off&#8220; button_one_border_radius__hover_enabled=&#8220;off&#8220; button_two_border_radius__hover_enabled=&#8220;off&#8220; button_letter_spacing__hover_enabled=&#8220;off&#8220; button_one_letter_spacing__hover_enabled=&#8220;off&#8220; button_two_letter_spacing__hover_enabled=&#8220;off&#8220; button_bg_color__hover_enabled=&#8220;off&#8220; button_one_bg_color__hover_enabled=&#8220;off&#8220; button_two_bg_color__hover_enabled=&#8220;off&#8220; sticky_transition=&#8220;on&#8220;][\/et_pb_slide][\/et_pb_slider][et_pb_text _builder_version=&#8220;3.27.4&#8243; global_colors_info=&#8220;{}&#8220;]<\/p>\n<h3><b>w\u00e4hlen Sie nachfolgend aus unserer D\u00f6nerkarte aus.<\/b><\/h3>\n<p>[\/et_pb_text][et_pb_text _builder_version=&#8220;4.14.8&#8243; text_font=&#8220;||||||||&#8220; animation_style=&#8220;fade&#8220; animation_direction=&#8220;left&#8220; animation_duration=&#8220;1400ms&#8220; hover_enabled=&#8220;0&#8243; global_colors_info=&#8220;{}&#8220; sticky_enabled=&#8220;0&#8243;]<\/p>\n<p><b>01. D\u00f6ner-Kebap im Fladenbrot\u00a0\u00a0<\/b>mit D\u00f6ner, Salat und Sauce <strong>\u20ac 4,50<\/strong><\/p>\n<p><b>1A. Vegetarischer D\u00f6ner\u00a0\u00a0<\/b>mit K\u00e4se, Salat und Sauce <strong>\u20ac 4,00<\/strong><\/p>\n<p><b>02. K\u00e4sed\u00f6ner im Fladenbrot<\/b> mit D\u00f6ner, K\u00e4se, Salat und Sauce <strong>\u20ac 5,00<\/strong><\/p>\n<p><b>03. Mega-D\u00f6ner im Fladenbrot<\/b> mit extra D\u00f6nerfleisch, Salat und Sauce <strong>\u20ac 5,00<\/strong><\/p>\n<p><b>04. Mega-D\u00f6ner mit K\u00e4se im Fladenbrot<\/b> mit extra D\u00f6nerfleisch, K\u00e4se, Salat und Sauce <strong>\u20ac 5,50<\/strong><\/p>\n<p><b>05. D\u00fcr\u00fcm-D\u00f6ner (D\u00f6nerrolle)<\/b> mit selbstgemachtem Fladenbrot, D\u00f6nerfleisch, Salat und Sauce <strong>\u20ac 5,00<\/strong><\/p>\n<p><b>06. D\u00fcr\u00fcm-D\u00f6ner vegetarisch <\/b>mit selbstgemachten Fladenbrot, K\u00e4se, Salat und Sauce <strong>\u20ac 4,50<\/strong><\/p>\n<p><b>07. Lahmacun (t\u00fcrkische Pizza)<\/b> mit D\u00f6nerfleisch, Salat und Sauce <strong>\u20ac 5,00<\/strong><\/p>\n<p>[\/et_pb_text][et_pb_text _builder_version=&#8220;4.14.8&#8243; animation_style=&#8220;fade&#8220; animation_duration=&#8220;1400ms&#8220; hover_enabled=&#8220;0&#8243; global_colors_info=&#8220;{}&#8220; sticky_enabled=&#8220;0&#8243;]<\/p>\n<p><img loading=\"lazy\" decoding=\"async\" class=\"alignnone size-full wp-image-296\" src=\"https:\/\/www.dersimo-kebap.de\/go\/wp-content\/uploads\/2018\/06\/700px_doener.jpg\" alt=\"Dersimo Kebap, Hier schmeckts besser als anderswo.\" width=\"700\" height=\"447\" srcset=\"https:\/\/www.dersimo-kebap.de\/go\/wp-content\/uploads\/2018\/06\/700px_doener.jpg 700w, https:\/\/www.dersimo-kebap.de\/go\/wp-content\/uploads\/2018\/06\/700px_doener-300x192.jpg 300w\" sizes=\"auto, (max-width: 700px) 100vw, 700px\" \/><\/p>\n<p>[\/et_pb_text][et_pb_text _builder_version=&#8220;4.14.8&#8243; animation_style=&#8220;fade&#8220; animation_direction=&#8220;left&#8220; animation_duration=&#8220;1400ms&#8220; hover_enabled=&#8220;0&#8243; global_colors_info=&#8220;{}&#8220; sticky_enabled=&#8220;0&#8243;]<\/p>\n<p><b>08. Lahmacun vegetarisch<\/b>\u00a0mit K\u00e4se, Salat und Sauce <strong>\u20ac 4,50<\/strong><\/p>\n<p><b>09. Halloumi-D\u00f6ner mit Fleisch<\/b>\u00a0und D\u00f6nerfleisch, Halloumi, Salat und Sauce <strong>\u20ac 5,50<\/strong><\/p>\n<p><b>10. Halloumi-D\u00f6ner vegetarisch<\/b>\u00a0mit Halloumi, Salat und Sauce <strong>\u20ac 4,50<\/strong><\/p>\n<p><b>11. Falafel im Fladenbrot<\/b>\u00a0mit Falafel, Salat und Sauce <strong>\u20ac 4,00<\/strong><\/p>\n<p><b>12. D\u00f6nerteller mit Salat und Brot\u00a0<\/b><strong>\u20ac 6,00<\/strong><\/p>\n<p><b>13. D\u00f6ner &#8211; Men\u00fc<\/b>\u00a0D\u00f6ner mit Reis, Pommes und Sauce <strong>\u20ac 7,00<\/strong><\/p>\n<p><b>14. D\u00f6ner \u00fcberbacken<\/b>\u00a0D\u00f6nerfleisch, Peperoni, K\u00e4se, Knoblauchsauce und K\u00e4se <strong>\u20ac 6,00<\/strong><\/p>\n<p>[\/et_pb_text][et_pb_button button_url=&#8220;tel:03641-636290&#8243; button_text=&#8220;Sind Sie hungrig?&#8220; _builder_version=&#8220;4.7.7&#8243; custom_button=&#8220;on&#8220; button_text_color=&#8220;#e02b20&#8243; global_colors_info=&#8220;{}&#8220; button_text_size__hover_enabled=&#8220;off&#8220; button_one_text_size__hover_enabled=&#8220;off&#8220; button_two_text_size__hover_enabled=&#8220;off&#8220; button_text_color__hover_enabled=&#8220;off&#8220; button_one_text_color__hover_enabled=&#8220;off&#8220; button_two_text_color__hover_enabled=&#8220;off&#8220; button_border_width__hover_enabled=&#8220;off&#8220; button_one_border_width__hover_enabled=&#8220;off&#8220; button_two_border_width__hover_enabled=&#8220;off&#8220; button_border_color__hover_enabled=&#8220;off&#8220; button_one_border_color__hover_enabled=&#8220;off&#8220; button_two_border_color__hover_enabled=&#8220;off&#8220; button_border_radius__hover_enabled=&#8220;off&#8220; button_one_border_radius__hover_enabled=&#8220;off&#8220; button_two_border_radius__hover_enabled=&#8220;off&#8220; button_letter_spacing__hover_enabled=&#8220;off&#8220; button_one_letter_spacing__hover_enabled=&#8220;off&#8220; button_two_letter_spacing__hover_enabled=&#8220;off&#8220; button_bg_color__hover_enabled=&#8220;off&#8220; button_one_bg_color__hover_enabled=&#8220;off&#8220; button_two_bg_color__hover_enabled=&#8220;off&#8220;][\/et_pb_button][\/et_pb_column][\/et_pb_row][\/et_pb_section]<\/p>\n","protected":false},"excerpt":{"rendered":"<p>Ob D\u00f6ner im Fladenbrot oder einen leckeren D\u00f6nerteller &#8230;w\u00e4hlen Sie nachfolgend aus unserer D\u00f6nerkarte aus.01. D\u00f6ner-Kebap im Fladenbrot\u00a0\u00a0mit D\u00f6ner, Salat und Sauce \u20ac 4,50 1A. Vegetarischer D\u00f6ner\u00a0\u00a0mit K\u00e4se, Salat und Sauce \u20ac 4,00 02. K\u00e4sed\u00f6ner im Fladenbrot mit D\u00f6ner, K\u00e4se, Salat und Sauce \u20ac 5,00 03. Mega-D\u00f6ner im Fladenbrot mit extra D\u00f6nerfleisch, Salat und Sauce [&hellip;]<\/p>\n","protected":false},"author":2,"featured_media":0,"parent":0,"menu_order":0,"comment_status":"closed","ping_status":"closed","template":"","meta":{"_et_pb_use_builder":"on","_et_pb_old_content":"","_et_gb_content_width":"","footnotes":""},"class_list":["post-292","page","type-page","status-publish","hentry"],"aioseo_notices":[],"_links":{"self":[{"href":"https:\/\/www.dersimo-kebap.de\/go\/wp-json\/wp\/v2\/pages\/292","targetHints":{"allow":["GET"]}}],"collection":[{"href":"https:\/\/www.dersimo-kebap.de\/go\/wp-json\/wp\/v2\/pages"}],"about":[{"href":"https:\/\/www.dersimo-kebap.de\/go\/wp-json\/wp\/v2\/types\/page"}],"author":[{"embeddable":true,"href":"https:\/\/www.dersimo-kebap.de\/go\/wp-json\/wp\/v2\/users\/2"}],"replies":[{"embeddable":true,"href":"https:\/\/www.dersimo-kebap.de\/go\/wp-json\/wp\/v2\/comments?post=292"}],"version-history":[{"count":0,"href":"https:\/\/www.dersimo-kebap.de\/go\/wp-json\/wp\/v2\/pages\/292\/revisions"}],"wp:attachment":[{"href":"https:\/\/www.dersimo-kebap.de\/go\/wp-json\/wp\/v2\/media?parent=292"}],"curies":[{"name":"wp","href":"https:\/\/api.w.org\/{rel}","templated":true}]}}